{"id":3,"date":"2022-08-31T18:32:36","date_gmt":"2022-08-31T18:32:36","guid":{"rendered":"https:\/\/peak-hire.com\/?page_id=3"},"modified":"2024-01-08T11:16:40","modified_gmt":"2024-01-08T17:16:40","slug":"privacy-policy","status":"publish","type":"page","link":"https:\/\/peak-hire.com\/es\/privacy-policy\/","title":{"rendered":"Pol\u00edtica de Privacidad"},"content":{"rendered":"<div data-elementor-type=\"wp-page\" data-elementor-id=\"3\" class=\"elementor elementor-3\" data-elementor-post-type=\"page\">\n\t\t\t\t<div class=\"elementor-element elementor-element-de0fbf7 e-flex e-con-boxed e-con e-parent\" data-id=\"de0fbf7\" data-element_type=\"container\" data-e-type=\"container\">\n\t\t\t\t\t<div class=\"e-con-inner\">\n\t\t\t\t<div class=\"elementor-element elementor-element-9a5a935 elementor-widget elementor-widget-heading\" data-id=\"9a5a935\" data-element_type=\"widget\" data-e-type=\"widget\" data-widget_type=\"heading.default\">\n\t\t\t\t<div class=\"elementor-widget-container\">\n\t\t\t\t\t<h1 class=\"elementor-heading-title elementor-size-default\">Pol\u00edtica de Privacidad<\/h1>\t\t\t\t<\/div>\n\t\t\t\t<\/div>\n\t\t\t\t<div class=\"elementor-element elementor-element-77290cbf elementor-widget elementor-widget-text-editor\" data-id=\"77290cbf\" data-element_type=\"widget\" data-e-type=\"widget\" data-widget_type=\"text-editor.default\">\n\t\t\t\t<div class=\"elementor-widget-container\">\n\t\t\t\t\t\t\t\t\t\n<p><strong>Pol\u00edtica de Privacidad<\/strong><\/p>\n\n\n\n<p>Lea atentamente esta Pol\u00edtica de Privacidad (la \u201cPol\u00edtica\u201d). Al acceder, navegar o utilizar nuestro sitio web (este \u201cSitio\u201d), usted reconoce la aceptaci\u00f3n de los t\u00e9rminos y condiciones establecidos en esta Pol\u00edtica. Si tiene dudas sobre nuestra recopilaci\u00f3n de datos o nuestras pr\u00e1cticas de privacidad, no utilice el Sitio. Nos reservamos el derecho de actualizar o revisar esta Pol\u00edtica de vez en cuando a nuestro exclusivo criterio. Le recomendamos que revise esta Pol\u00edtica peri\u00f3dicamente para obtener actualizaciones y cambios.<\/p>\n\n\n\n<p>Mantenemos este Sitio como un servicio para nuestros clientes, empleados y solicitantes. Nos comprometemos a proteger la privacidad de la informaci\u00f3n personal que se recopila o env\u00eda durante el uso de este Sitio. Esta Pol\u00edtica detalla nuestro compromiso de proteger dicha informaci\u00f3n y la manera limitada en la que usaremos su informaci\u00f3n personal.<\/p>\n\n\n\n<p><strong>Env\u00edo, recopilaci\u00f3n, uso e intercambio de informaci\u00f3n<\/strong><\/p>\n\n\n\n<p>Esta Pol\u00edtica informa a nuestros clientes, empleados y solicitantes sobre la informaci\u00f3n que recopilamos, c\u00f3mo la usamos y bajo qu\u00e9 circunstancias se compartir\u00e1 con otras partes. En general, recopilamos dos tipos de informaci\u00f3n de los usuarios del Sitio: (1) informaci\u00f3n no identificable que se recopila autom\u00e1ticamente y (2) informaci\u00f3n que los usuarios eligen enviar conscientemente.<\/p>\n\n\n\n<p><strong>Informaci\u00f3n no identificable<\/strong>: Nuestro Sitio recopila autom\u00e1ticamente cierta informaci\u00f3n no identificable sobre los usuarios del Sitio. Ejemplos de dicha informaci\u00f3n incluyen la direcci\u00f3n de protocolo de Internet (IP) de su computadora, la direcci\u00f3n IP de su proveedor de servicios de Internet, la fecha y hora en que accede al Sitio y las secciones o p\u00e1ginas del Sitio que visita. Esta informaci\u00f3n no identificable se utiliza con fines administrativos y para mejorar el Sitio. La informaci\u00f3n no identificable puede divulgarse a otros y archivarse para uso futuro.<\/p>\n\n\n\n<p><strong>Informaci\u00f3n que los usuarios proporcionan a sabiendas<\/strong>: En general, se solicita informaci\u00f3n personal cuando utiliza el Sitio para buscar empleo o para enviar una solicitud de nuestros servicios. Por ejemplo, a los solicitantes se les pide que env\u00eden su nombre, informaci\u00f3n de contacto y otra informaci\u00f3n personal como experiencia laboral, educaci\u00f3n, calificaciones y curr\u00edculum. Para los clientes que env\u00edan una solicitud de nuestros servicios a trav\u00e9s del Sitio, les solicitaremos la informaci\u00f3n necesaria para completar el pedido. La cantidad de informaci\u00f3n personal que se le solicita que env\u00ede se limita a la que es necesaria para que podamos brindar nuestros servicios. Podemos utilizar su informaci\u00f3n personal para comunicarnos con usted y mantener correspondencia con usted, responder a sus env\u00edos o solicitudes de informaci\u00f3n, para brindarle los servicios solicitados a trav\u00e9s del Sitio, para realizar nuestro negocio y seg\u00fan lo permita la ley.<\/p>\n\n\n\n<p><strong>Divulgaci\u00f3n de informaci\u00f3n a otros (en general):<\/strong> Podemos usar su informaci\u00f3n internamente o con otras subsidiarias y afiliadas de LSI, pero no divulgamos su informaci\u00f3n personal a terceros, excepto de la siguiente manera: (1) para cumplir con cualquier orden judicial, ley o seg\u00fan lo exija cualquier agencia gubernamental. ; (2) para cumplir con una solicitud de cualquier agencia policial en relaci\u00f3n con una investigaci\u00f3n oficial de actividad ilegal; (3) para proteger los derechos o la propiedad de LSI o sus empresas afiliadas; (4) para proteger la seguridad personal de los usuarios o del p\u00fablico; o (5) en caso de una reorganizaci\u00f3n corporativa, venta, fusi\u00f3n o transacci\u00f3n similar que involucre a LSI o cualquiera de nuestras subsidiarias o afiliadas.<\/p>\n\n\n\n<p><strong>Divulgaci\u00f3n de informaci\u00f3n a otros (si est\u00e1 contratado): <\/strong>Si lo contratamos, adem\u00e1s del uso general descrito anteriormente, podemos divulgar su informaci\u00f3n a nuestros clientes cuando se le asigne trabajar como empleado temporal. Tambi\u00e9n podemos proporcionar su informaci\u00f3n a terceros con quienes hemos contratado para brindarnos servicios relacionados con su empleo, como la administraci\u00f3n de nuestro programa de cr\u00e9dito fiscal.<\/p>\n\n\n\n<p><strong>Seguridad<\/strong><\/p>\n\n\n\n<p>El Sitio cuenta con medidas de seguridad razonables para proteger contra la p\u00e9rdida, mal uso y alteraci\u00f3n de la informaci\u00f3n bajo nuestro control. Sin embargo, no se puede garantizar que ninguna transmisi\u00f3n de datos a trav\u00e9s de Internet sea absolutamente segura. Como resultado, a pesar de nuestros esfuerzos por proteger su informaci\u00f3n personal, LSI no asegura ni garantiza la seguridad de la informaci\u00f3n que usted nos transmite, y usted lo hace bajo su propio riesgo.<\/p>\n\n\n\n<p><strong>Comunicaci\u00f3n<\/strong><\/p>\n\n\n\n<p>Al evaluar o utilizar nuestros servicios, es posible que se le solicite su direcci\u00f3n de correo electr\u00f3nico, n\u00famero de tel\u00e9fono o n\u00famero de tel\u00e9fono m\u00f3vil para permitir la comunicaci\u00f3n con usted con respecto a oportunidades laborales inmediatas o futuras. Si opta por proporcionarnos esa informaci\u00f3n depende totalmente de usted. Sin embargo, es posible que no podamos ayudarlo con sus necesidades de personal o empleo si decide no proporcionarnos suficiente informaci\u00f3n de contacto personal.<\/p>\n\n\n\n<p>Podemos utilizar correo electr\u00f3nico, tel\u00e9fono o mensajes de texto para enviarle informaci\u00f3n sobre nuestra empresa u oportunidades o servicios de empleo que se ajusten a su perfil. Adem\u00e1s, podemos utilizar su direcci\u00f3n de correo electr\u00f3nico y otra informaci\u00f3n que nos proporcione para enviarle mensajes promocionales o informativos de vez en cuando. Puede optar por no recibir esta comunicaci\u00f3n en cualquier momento. No vendemos, alquilamos ni compartimos informaci\u00f3n de identificaci\u00f3n personal con terceros sin su consentimiento.<\/p>\n\n\n\n<p><strong>Enlaces<\/strong><\/p>\n\n\n\n<p>Es posible que tenga la oportunidad de seguir un enlace desde o hacia otros sitios mantenidos por terceros. Debido a que es posible que dichos sitios no est\u00e9n alojados ni controlados por nosotros, no somos responsables del contenido o las pr\u00e1cticas de privacidad de esos sitios de terceros. Como resultado, le recomendamos que revise las pol\u00edticas de privacidad de cada uno de esos otros sitios. Esta Pol\u00edtica solo se aplica a la informaci\u00f3n recopilada y mantenida por LSI y sus afiliados.<\/p>\n\n\n\n<p>Si tiene preguntas sobre esta pol\u00edtica, comun\u00edquese con nosotros a: <a href=\"mailto:info@lsistaffing.com\">info@lsistaffing.com<\/a>.<\/p>\n\t\t\t\t\t\t\t\t<\/div>\n\t\t\t\t<\/div>\n\t\t\t\t<div class=\"elementor-element elementor-element-bcc0bf7 elementor-widget elementor-widget-spacer\" data-id=\"bcc0bf7\" data-element_type=\"widget\" data-e-type=\"widget\" data-widget_type=\"spacer.default\">\n\t\t\t\t<div class=\"elementor-widget-container\">\n\t\t\t\t\t\t\t<div class=\"elementor-spacer\">\n\t\t\t<div class=\"elementor-spacer-inner\"><\/div>\n\t\t<\/div>\n\t\t\t\t\t\t<\/div>\n\t\t\t\t<\/div>\n\t\t\t\t\t<\/div>\n\t\t\t\t<\/div>\n\t\t\t\t<\/div>","protected":false},"excerpt":{"rendered":"<p>Privacy Policy Privacy Policy Please read this Privacy Policy (the &#8220;Policy&#8221;) carefully. By accessing, browsing, or using our web site (this &#8220;Site&#8221;), you acknowledge acceptance of the terms and conditions set forth in this Policy. If you have concerns about our data collection or privacy practices, please do not use the Site. We reserve the [&hellip;]<\/p>\n","protected":false},"author":3,"featured_media":0,"parent":0,"menu_order":0,"comment_status":"closed","ping_status":"open","template":"","meta":{"footnotes":""},"class_list":["post-3","page","type-page","status-publish","hentry"],"yoast_head":"<!-- This site is optimized with the Yoast SEO plugin v27.5 - https:\/\/yoast.com\/product\/yoast-seo-wordpress\/ -->\n<title>Privacy Policy - Peak Hire Staffing<\/title>\n<meta name=\"robots\" content=\"index, follow, max-snippet:-1, max-image-preview:large, max-video-preview:-1\" \/>\n<link rel=\"canonical\" href=\"https:\/\/peak-hire.com\/es\/privacy-policy\/\" \/>\n<meta property=\"og:locale\" content=\"es_MX\" \/>\n<meta property=\"og:type\" content=\"article\" \/>\n<meta property=\"og:title\" content=\"Privacy Policy - Peak Hire Staffing\" \/>\n<meta property=\"og:description\" content=\"Privacy Policy Privacy Policy Please read this Privacy Policy (the &#8220;Policy&#8221;) carefully. By accessing, browsing, or using our web site (this &#8220;Site&#8221;), you acknowledge acceptance of the terms and conditions set forth in this Policy. If you have concerns about our data collection or privacy practices, please do not use the Site. We reserve the [&hellip;]\" \/>\n<meta property=\"og:url\" content=\"https:\/\/peak-hire.com\/es\/privacy-policy\/\" \/>\n<meta property=\"og:site_name\" content=\"Peak Hire Staffing\" \/>\n<meta property=\"article:modified_time\" content=\"2024-01-08T17:16:40+00:00\" \/>\n<meta name=\"twitter:card\" content=\"summary_large_image\" \/>\n<meta name=\"twitter:label1\" content=\"Tiempo de lectura\" \/>\n\t<meta name=\"twitter:data1\" content=\"4 minutos\" \/>\n<script type=\"application\/ld+json\" class=\"yoast-schema-graph\">{\"@context\":\"https:\\\/\\\/schema.org\",\"@graph\":[{\"@type\":\"WebPage\",\"@id\":\"https:\\\/\\\/peak-hire.com\\\/privacy-policy\\\/\",\"url\":\"https:\\\/\\\/peak-hire.com\\\/privacy-policy\\\/\",\"name\":\"Privacy Policy - Peak Hire Staffing\",\"isPartOf\":{\"@id\":\"https:\\\/\\\/peak-hire.com\\\/#website\"},\"datePublished\":\"2022-08-31T18:32:36+00:00\",\"dateModified\":\"2024-01-08T17:16:40+00:00\",\"breadcrumb\":{\"@id\":\"https:\\\/\\\/peak-hire.com\\\/privacy-policy\\\/#breadcrumb\"},\"inLanguage\":\"es\",\"potentialAction\":[{\"@type\":\"ReadAction\",\"target\":[\"https:\\\/\\\/peak-hire.com\\\/privacy-policy\\\/\"]}]},{\"@type\":\"BreadcrumbList\",\"@id\":\"https:\\\/\\\/peak-hire.com\\\/privacy-policy\\\/#breadcrumb\",\"itemListElement\":[{\"@type\":\"ListItem\",\"position\":1,\"name\":\"Home\",\"item\":\"https:\\\/\\\/peak-hire.com\\\/\"},{\"@type\":\"ListItem\",\"position\":2,\"name\":\"Privacy Policy\"}]},{\"@type\":\"WebSite\",\"@id\":\"https:\\\/\\\/peak-hire.com\\\/#website\",\"url\":\"https:\\\/\\\/peak-hire.com\\\/\",\"name\":\"Peak Hire Staffing\",\"description\":\"\",\"publisher\":{\"@id\":\"https:\\\/\\\/peak-hire.com\\\/#organization\"},\"potentialAction\":[{\"@type\":\"SearchAction\",\"target\":{\"@type\":\"EntryPoint\",\"urlTemplate\":\"https:\\\/\\\/peak-hire.com\\\/?s={search_term_string}\"},\"query-input\":{\"@type\":\"PropertyValueSpecification\",\"valueRequired\":true,\"valueName\":\"search_term_string\"}}],\"inLanguage\":\"es\"},{\"@type\":\"Organization\",\"@id\":\"https:\\\/\\\/peak-hire.com\\\/#organization\",\"name\":\"Peak Hire Staffing\",\"url\":\"https:\\\/\\\/peak-hire.com\\\/\",\"logo\":{\"@type\":\"ImageObject\",\"inLanguage\":\"es\",\"@id\":\"https:\\\/\\\/peak-hire.com\\\/#\\\/schema\\\/logo\\\/image\\\/\",\"url\":\"https:\\\/\\\/peak-hire.com\\\/wp-content\\\/uploads\\\/2023\\\/01\\\/peak-hire-logo-dark-r2.png\",\"contentUrl\":\"https:\\\/\\\/peak-hire.com\\\/wp-content\\\/uploads\\\/2023\\\/01\\\/peak-hire-logo-dark-r2.png\",\"width\":1776,\"height\":188,\"caption\":\"Peak Hire Staffing\"},\"image\":{\"@id\":\"https:\\\/\\\/peak-hire.com\\\/#\\\/schema\\\/logo\\\/image\\\/\"}}]}<\/script>\n<!-- \/ Yoast SEO plugin. -->","yoast_head_json":{"title":"Privacy Policy - Peak Hire Staffing","robots":{"index":"index","follow":"follow","max-snippet":"max-snippet:-1","max-image-preview":"max-image-preview:large","max-video-preview":"max-video-preview:-1"},"canonical":"https:\/\/peak-hire.com\/es\/privacy-policy\/","og_locale":"es_MX","og_type":"article","og_title":"Privacy Policy - Peak Hire Staffing","og_description":"Privacy Policy Privacy Policy Please read this Privacy Policy (the &#8220;Policy&#8221;) carefully. By accessing, browsing, or using our web site (this &#8220;Site&#8221;), you acknowledge acceptance of the terms and conditions set forth in this Policy. If you have concerns about our data collection or privacy practices, please do not use the Site. We reserve the [&hellip;]","og_url":"https:\/\/peak-hire.com\/es\/privacy-policy\/","og_site_name":"Peak Hire Staffing","article_modified_time":"2024-01-08T17:16:40+00:00","twitter_card":"summary_large_image","twitter_misc":{"Tiempo de lectura":"4 minutos"},"schema":{"@context":"https:\/\/schema.org","@graph":[{"@type":"WebPage","@id":"https:\/\/peak-hire.com\/privacy-policy\/","url":"https:\/\/peak-hire.com\/privacy-policy\/","name":"Privacy Policy - Peak Hire Staffing","isPartOf":{"@id":"https:\/\/peak-hire.com\/#website"},"datePublished":"2022-08-31T18:32:36+00:00","dateModified":"2024-01-08T17:16:40+00:00","breadcrumb":{"@id":"https:\/\/peak-hire.com\/privacy-policy\/#breadcrumb"},"inLanguage":"es","potentialAction":[{"@type":"ReadAction","target":["https:\/\/peak-hire.com\/privacy-policy\/"]}]},{"@type":"BreadcrumbList","@id":"https:\/\/peak-hire.com\/privacy-policy\/#breadcrumb","itemListElement":[{"@type":"ListItem","position":1,"name":"Home","item":"https:\/\/peak-hire.com\/"},{"@type":"ListItem","position":2,"name":"Privacy Policy"}]},{"@type":"WebSite","@id":"https:\/\/peak-hire.com\/#website","url":"https:\/\/peak-hire.com\/","name":"Peak Hire Staffing","description":"","publisher":{"@id":"https:\/\/peak-hire.com\/#organization"},"potentialAction":[{"@type":"SearchAction","target":{"@type":"EntryPoint","urlTemplate":"https:\/\/peak-hire.com\/?s={search_term_string}"},"query-input":{"@type":"PropertyValueSpecification","valueRequired":true,"valueName":"search_term_string"}}],"inLanguage":"es"},{"@type":"Organization","@id":"https:\/\/peak-hire.com\/#organization","name":"Peak Hire Staffing","url":"https:\/\/peak-hire.com\/","logo":{"@type":"ImageObject","inLanguage":"es","@id":"https:\/\/peak-hire.com\/#\/schema\/logo\/image\/","url":"https:\/\/peak-hire.com\/wp-content\/uploads\/2023\/01\/peak-hire-logo-dark-r2.png","contentUrl":"https:\/\/peak-hire.com\/wp-content\/uploads\/2023\/01\/peak-hire-logo-dark-r2.png","width":1776,"height":188,"caption":"Peak Hire Staffing"},"image":{"@id":"https:\/\/peak-hire.com\/#\/schema\/logo\/image\/"}}]}},"_links":{"self":[{"href":"https:\/\/peak-hire.com\/es\/wp-json\/wp\/v2\/pages\/3","targetHints":{"allow":["GET"]}}],"collection":[{"href":"https:\/\/peak-hire.com\/es\/wp-json\/wp\/v2\/pages"}],"about":[{"href":"https:\/\/peak-hire.com\/es\/wp-json\/wp\/v2\/types\/page"}],"author":[{"embeddable":true,"href":"https:\/\/peak-hire.com\/es\/wp-json\/wp\/v2\/users\/3"}],"replies":[{"embeddable":true,"href":"https:\/\/peak-hire.com\/es\/wp-json\/wp\/v2\/comments?post=3"}],"version-history":[{"count":8,"href":"https:\/\/peak-hire.com\/es\/wp-json\/wp\/v2\/pages\/3\/revisions"}],"predecessor-version":[{"id":595,"href":"https:\/\/peak-hire.com\/es\/wp-json\/wp\/v2\/pages\/3\/revisions\/595"}],"wp:attachment":[{"href":"https:\/\/peak-hire.com\/es\/wp-json\/wp\/v2\/media?parent=3"}],"curies":[{"name":"wp","href":"https:\/\/api.w.org\/{rel}","templated":true}]}}